{"id":69,"date":"2015-04-01T17:22:06","date_gmt":"2015-04-01T17:22:06","guid":{"rendered":"http:\/\/christenrique.com\/?page_id=69"},"modified":"2026-03-21T11:36:52","modified_gmt":"2026-03-21T17:36:52","slug":"bio","status":"publish","type":"page","link":"https:\/\/christenrique.com\/?page_id=69","title":{"rendered":"Bio"},"content":{"rendered":"<div class=\"wpb-content-wrapper\"><p>[vc_row iron_row_type=\u00bbfull_width\u00bb iron_remove_padding_medium=\u00bbtabletnopadding\u00bb iron_remove_padding_small=\u00bb\u00bb iron_overlay_pattern=\u00bb\u00bb iron_parallax=\u00bb\u00bb iron_bg_video=\u00bb\u00bb css=\u00bb.vc_custom_1458766891158{background-color: #e0e0e0 !important;}\u00bb][vc_column][vc_empty_space height=\u00bb48px\u00bb][vc_custom_heading text=\u00bbBIOGRAF\u00cdA\u00bb font_container=\u00bbtag:h2|font_size:48px|text_align:center|color:%23999999|line_height:48px\u00bb use_theme_fonts=\u00bbyes\u00bb css=\u00bb\u00bb fit_bg_text=\u00bb0&#8243;]\t<div class=\"dividerwrap\" style=\"padding-top:18px; padding-bottom:42px;\">\r\n\t\t<div class=\"imagedivider center\">\r\n\t\t<img decoding=\"async\" src=\"https:\/\/christenrique.com\/wp-content\/uploads\/2015\/03\/gray_divider.png\" class=\"imagedividerpic\" alt=\"divider\">\r\n\t\t<\/div>\r\n\t\t<div class=\"clear\"><\/div>\r\n\t<\/div>[\/vc_column][\/vc_row][vc_row iron_row_type=\u00bbfull_width\u00bb iron_remove_padding_medium=\u00bbtabletnopadding\u00bb iron_remove_padding_small=\u00bb\u00bb iron_overlay_pattern=\u00bb\u00bb iron_parallax=\u00bb\u00bb iron_bg_video=\u00bb\u00bb css=\u00bb.vc_custom_1458767649343{background-image: url(https:\/\/christenrique.com\/wp-content\/uploads\/2015\/04\/thepeak_lostedtriangles.png?id=4847) !important;background-position: center !important;background-repeat: no-repeat !important;background-size: contain !important;}\u00bb el_class=\u00bbalign-bg_right\u00bb][vc_column width=\u00bb7\/12&#8243; css=\u00bb.vc_custom_1774099701676{padding-bottom: 350px !important;background-image: url(https:\/\/christenrique.com\/wp-content\/uploads\/2026\/03\/Sentado.jpeg?id=5104) !important;background-position: center !important;background-repeat: no-repeat !important;background-size: cover !important;}\u00bb offset=\u00bbvc_hidden-md\u00bb][vc_empty_space height=\u00bb670px\u00bb css=\u00bb.vc_custom_1774099684976{padding-bottom: 24px !important;}\u00bb][\/vc_column][vc_column offset=\u00bbvc_col-lg-5 vc_col-md-12 vc_col-xs-12&#8243; css=\u00bb.vc_custom_1461787742204{padding-right: 16vw !important;padding-left: 6vw !important;}\u00bb el_class=\u00bb.center_col\u00bb][vc_empty_space height=\u00bb70px\u00bb][vc_column_text css=\u00bb.vc_custom_1774053722171{padding-bottom: -100px !important;}\u00bb]<\/p>\n<h2 style=\"font-size: 24px; text-align: left;\">Christ Enrique<\/h2>\n<p style=\"max-width: 650px; text-align: left;\"><mark class=\"HxTRcb\" data-sfc-root=\"c\" data-sfc-cb=\"\" data-processed=\"true\">Cantautor, compositor y m\u00fasico nicarag\u00fcense de m\u00fasica cristiana<\/mark>. Es conocido principalmente en la escena de adoraci\u00f3n contempor\u00e1nea por sus canciones que reflejan su fe y servicio a Jes\u00fas.<\/p>\n<h5>Informaci\u00f3n del Artista<\/h5>\n<ul class=\"KsbFXc U6u95\" data-sfc-root=\"c\" data-sfc-cb=\"\" data-processed=\"true\">\n<li class=\"dF3vjf\" data-sfc-root=\"c\" data-sfc-cb=\"\" data-hveid=\"CAUQAA\" data-processed=\"true\"><span class=\"T286Pc\" data-sfc-cp=\"\" data-sfc-root=\"c\" data-sfc-cb=\"\" data-processed=\"true\"><strong class=\"Yjhzub\" data-sfc-root=\"c\" data-sfc-cb=\"\" data-processed=\"true\">Origen:<\/strong>&nbsp;Nicaragua, donde estudi\u00f3 m\u00fasica en el&nbsp;<strong class=\"Yjhzub\" data-sfc-root=\"c\" data-sfc-cb=\"\" data-processed=\"true\">Conservatorio Nacional de Nicaragua<\/strong>.<\/span><\/li>\n<li class=\"dF3vjf\" data-sfc-root=\"c\" data-sfc-cb=\"\" data-hveid=\"CAUQAQ\" data-processed=\"true\"><span class=\"T286Pc\" data-sfc-cp=\"\" data-sfc-root=\"c\" data-sfc-cb=\"\" data-processed=\"true\"><strong class=\"Yjhzub\" data-sfc-root=\"c\" data-sfc-cb=\"\" data-processed=\"true\">Estilo:<\/strong>&nbsp;Su m\u00fasica se centra en la alabanza y la adoraci\u00f3n, con letras dedicadas a su fe.<\/span><\/li>\n<li class=\"dF3vjf\" data-sfc-root=\"c\" data-sfc-cb=\"\" data-hveid=\"CAUQAg\" data-processed=\"true\"><span class=\"T286Pc\" data-sfc-cp=\"\" data-sfc-root=\"c\" data-sfc-cb=\"\" data-processed=\"true\" aria-owns=\"action-menu-parent-container\"><strong class=\"Yjhzub\" data-sfc-root=\"c\" data-sfc-cb=\"\" data-processed=\"true\">Presencia Digital:<\/strong>&nbsp;Puedes encontrar su trabajo en diversas plataformas de streaming:<\/span>\n<ul class=\"KsbFXc U6u95\" data-sfc-root=\"c\" data-sfc-cb=\"\" data-processed=\"true\">\n<li class=\"dF3vjf\" data-sfc-root=\"c\" data-sfc-cb=\"\" data-hveid=\"CAUQAw\" data-processed=\"true\"><span class=\"T286Pc\" data-sfc-cp=\"\" data-sfc-root=\"c\" data-sfc-cb=\"\" data-processed=\"true\" aria-owns=\"action-menu-parent-container\"><span data-sfc-cp=\"\" data-sfc-root=\"c\" data-sfc-cb=\"\" data-processed=\"true\"><a class=\"H23r4e\" href=\"https:\/\/open.spotify.com\/intl-fr\/artist\/3IgyQTFiPE0zZLWG6w6ieH\" target=\"_blank\" rel=\"noopener\" data-hveid=\"CAUQBA\" data-processed=\"true\">Spotify<\/a><\/span>: Cuenta con m\u00e1s de mil oyentes mensuales.<\/span><\/li>\n<li class=\"dF3vjf\" data-sfc-root=\"c\" data-sfc-cb=\"\" data-hveid=\"CAUQBQ\" data-processed=\"true\"><span class=\"T286Pc\" data-sfc-cp=\"\" data-sfc-root=\"c\" data-sfc-cb=\"\" data-processed=\"true\" aria-owns=\"action-menu-parent-container\"><span data-sfc-cp=\"\" data-sfc-root=\"c\" data-sfc-cb=\"\" data-processed=\"true\"><a class=\"H23r4e\" href=\"https:\/\/music.apple.com\/mx\/artist\/christ-enrique\/1532295614\" target=\"_blank\" rel=\"noopener\" data-hveid=\"CAUQBg\" data-processed=\"true\">Apple Music<\/a><\/span>: Incluye temas populares como \u00abAmor del bueno\u00bb y \u00abPreciosa Sangre\u00bb.<\/span><\/li>\n<li data-sfc-root=\"c\" data-sfc-cb=\"\" data-hveid=\"CAUQAg\" data-processed=\"true\"><span data-sfc-cp=\"\" data-sfc-root=\"c\" data-sfc-cb=\"\" data-processed=\"true\"><a class=\"H23r4e\" href=\"https:\/\/www.instagram.com\/christ.enrique\/\" target=\"_blank\" rel=\"noopener\" data-hveid=\"CAUQCA\" data-processed=\"true\">Instagram<\/a><\/span>: Comparte su d\u00eda a d\u00eda y adelantos musicales con sus seguidores.<\/li>\n<\/ul>\n<\/li>\n<\/ul>\n<p><iframe loading=\"lazy\" src=\"https:\/\/www.facebook.com\/plugins\/video.php?height=476&amp;href=https%3A%2F%2Fwww.facebook.com%2Freel%2F1573505770371496%2F&amp;show_text=true&amp;width=267&amp;t=0\" width=\"267\" height=\"591\" style=\"border:none;overflow:hidden\" scrolling=\"no\" frameborder=\"0\" allowfullscreen=\"true\" allow=\"autoplay; clipboard-write; encrypted-media; picture-in-picture; web-share\"><\/iframe>[\/vc_column_text][\/vc_column][\/vc_row][vc_row equal_height=\u00bbyes\u00bb iron_row_type=\u00bbfull_width\u00bb iron_remove_padding_medium=\u00bbtabletnopadding\u00bb iron_remove_padding_small=\u00bb\u00bb iron_overlay_pattern=\u00bb\u00bb iron_parallax=\u00bb\u00bb iron_bg_video=\u00bb\u00bb css=\u00bb.vc_custom_1461787720912{background-position: center !important;background-repeat: no-repeat !important;background-size: cover !important;}\u00bb][vc_column offset=\u00bbvc_col-lg-7 vc_col-md-12 vc_col-xs-12&#8243; css=\u00bb.vc_custom_1461787672925{margin-bottom: 75px !important;padding-right: 3vw !important;padding-left: 6vw !important;background-position: center !important;background-repeat: no-repeat !important;background-size: contain !important;}\u00bb el_class=\u00bb.center_col\u00bb][vc_empty_space height=\u00bb70px\u00bb][vc_column_text css=\u00bb.vc_custom_1774099761434{margin-bottom: 40px !important;}\u00bb]<\/p>\n<h4 style=\"font-size: 24px; text-align: left; color: e0e0e0;\">Canciones Destacadas<\/h4>\n<p>Algunas de sus canciones m\u00e1s conocidas incluyen:<\/p>\n<ul>\n<li class=\"dF3vjf\" data-sfc-root=\"c\" data-sfc-cb=\"\" data-hveid=\"CAgQAA\" data-processed=\"true\"><span class=\"T286Pc\" data-sfc-cp=\"\" data-sfc-root=\"c\" data-sfc-cb=\"\" data-processed=\"true\"><strong class=\"Yjhzub\" data-sfc-root=\"c\" data-sfc-cb=\"\" data-processed=\"true\" aria-owns=\"action-menu-parent-container\">Vivo<\/strong><\/span><\/li>\n<li class=\"dF3vjf\" data-sfc-root=\"c\" data-sfc-cb=\"\" data-hveid=\"CAgQAQ\" data-processed=\"true\"><span class=\"T286Pc\" data-sfc-cp=\"\" data-sfc-root=\"c\" data-sfc-cb=\"\" data-processed=\"true\"><strong class=\"Yjhzub\" data-sfc-root=\"c\" data-sfc-cb=\"\" data-processed=\"true\" aria-owns=\"action-menu-parent-container\">Gloria<\/strong><\/span><\/li>\n<li class=\"dF3vjf\" data-sfc-root=\"c\" data-sfc-cb=\"\" data-hveid=\"CAgQAg\" data-processed=\"true\"><span class=\"T286Pc\" data-sfc-cp=\"\" data-sfc-root=\"c\" data-sfc-cb=\"\" data-processed=\"true\"><strong class=\"Yjhzub\" data-sfc-root=\"c\" data-sfc-cb=\"\" data-processed=\"true\" aria-owns=\"action-menu-parent-container\">Amor del bueno<\/strong><\/span><\/li>\n<li class=\"dF3vjf\" data-sfc-root=\"c\" data-sfc-cb=\"\" data-hveid=\"CAgQAw\" data-processed=\"true\"><span class=\"T286Pc\" data-sfc-cp=\"\" data-sfc-root=\"c\" data-sfc-cb=\"\" data-processed=\"true\"><strong class=\"Yjhzub\" data-sfc-root=\"c\" data-sfc-cb=\"\" data-processed=\"true\" aria-owns=\"action-menu-parent-container\">Preciosa Sangre<\/strong><\/span><\/li>\n<li><strong class=\"Yjhzub\" data-sfc-root=\"c\" data-sfc-cb=\"\" data-processed=\"true\" aria-owns=\"action-menu-parent-container\">Tu Gracia Me Levanta<\/strong><\/li>\n<\/ul>\n<blockquote style=\"max-width: 600px; background-color: #ffffff; border-color: #e5e5e5; text-align: left; margin-top: 30px;\">\n<p><span style=\"color: #ff9752; font-size: 23px; line-height: 1; text-align: left; text-transform: uppercase;\">\u00ab &#x1f1f3;&#x1f1ee; Hijo de Dios por medio de Jesucristo\u00bb<\/span><\/p>\n<\/blockquote>\n<p><a href=\"https:\/\/christenrique.com\/wp-content\/uploads\/2026\/03\/Christ-Enrique-Premio.jpeg\"><img loading=\"lazy\" decoding=\"async\" class=\"alignnone size-full wp-image-5172\" src=\"https:\/\/christenrique.com\/wp-content\/uploads\/2026\/03\/Christ-Enrique-Premio.jpeg\" alt=\"\" width=\"1080\" height=\"1080\"><\/a>[\/vc_column_text]\r\n\t<a target=\"_self\" data-hoverbg=\"\" data-hoverborder=\"#ff9752\" data-hovertext=\"#ff9752\"  class=\"button-widget left\" href=\"https:\/\/christenrique.com\/?page_id=3850\" style=\"padding-left:px; padding-right:px; padding-top:px; padding-bottom:px; border-width:1px; border-radius:0px; border-color:#999999; background-color:; color:#999999\">MUSIC PAGE<\/a><div class=\"clear button-clear\"><\/div>[\/vc_column][vc_column width=\u00bb5\/12&#8243; css=\u00bb.vc_custom_1774053792130{background: rgba(255,255,255,0.01) url(https:\/\/christenrique.com\/wp-content\/uploads\/2026\/03\/De-pie.jpeg?id=5101) !important;background-position: center !important;background-repeat: no-repeat !important;background-size: cover !important;*background-color: rgb(255,255,255) !important;}\u00bb offset=\u00bbvc_hidden-md vc_hidden-sm vc_hidden-xs\u00bb][\/vc_column][\/vc_row]<\/p>\n<\/div>","protected":false},"excerpt":{"rendered":"<p>[vc_row iron_row_type=\u00bbfull_width\u00bb iron_remove_padding_medium=\u00bbtabletnopadding\u00bb iron_remove_padding_small=\u00bb\u00bb iron_overlay_pattern=\u00bb\u00bb iron_parallax=\u00bb\u00bb iron_bg_video=\u00bb\u00bb css=\u00bb.vc_custom_1458766891158{background-color: #e0e0e0 !important;}\u00bb][vc_column][vc_empty_space height=\u00bb48px\u00bb][vc_custom_heading text=\u00bbBIOGRAF\u00cdA\u00bb font_container=\u00bbtag:h2|font_size:48px|text_align:center|color:%23999999|line_height:48px\u00bb use_theme_fonts=\u00bbyes\u00bb css=\u00bb\u00bb fit_bg_text=\u00bb0&#8243;][\/vc_column][\/vc_row][vc_row iron_row_type=\u00bbfull_width\u00bb iron_remove_padding_medium=\u00bbtabletnopadding\u00bb iron_remove_padding_small=\u00bb\u00bb iron_overlay_pattern=\u00bb\u00bb iron_parallax=\u00bb\u00bb iron_bg_video=\u00bb\u00bb css=\u00bb.vc_custom_1458767649343{background-image: url(https:\/\/christenrique.com\/wp-content\/uploads\/2015\/04\/thepeak_lostedtriangles.png?id=4847) !important;background-position: center !important;background-repeat: no-repeat !important;background-size: contain !important;}\u00bb el_class=\u00bbalign-bg_right\u00bb][vc_column width=\u00bb7\/12&#8243; css=\u00bb.vc_custom_1774099701676{padding-bottom: 350px !important;background-image: url(https:\/\/christenrique.com\/wp-content\/uploads\/2026\/03\/Sentado.jpeg?id=5104) !important;background-position: center !important;background-repeat: no-repeat !important;background-size: cover !important;}\u00bb offset=\u00bbvc_hidden-md\u00bb][vc_empty_space height=\u00bb670px\u00bb css=\u00bb.vc_custom_1774099684976{padding-bottom: 24px !important;}\u00bb][\/vc_column][vc_column offset=\u00bbvc_col-lg-5 vc_col-md-12 vc_col-xs-12&#8243; css=\u00bb.vc_custom_1461787742204{padding-right: 16vw !important;padding-left: 6vw !important;}\u00bb el_class=\u00bb.center_col\u00bb][vc_empty_space height=\u00bb70px\u00bb][vc_column_text css=\u00bb.vc_custom_1774053722171{padding-bottom: -100px !important;}\u00bb] Christ Enrique Cantautor, compositor y m\u00fasico nicarag\u00fcense de m\u00fasica cristiana. Es conocido principalmente en la escena de adoraci\u00f3n [&hellip;]<\/p>\n","protected":false},"author":1,"featured_media":5211,"parent":0,"menu_order":7,"comment_status":"closed","ping_status":"closed","template":"","meta":{"_acf_changed":false,"footnotes":""},"class_list":["post-69","page","type-page","status-publish","has-post-thumbnail","hentry"],"acf":[],"_links":{"self":[{"href":"https:\/\/christenrique.com\/index.php?rest_route=\/wp\/v2\/pages\/69","targetHints":{"allow":["GET"]}}],"collection":[{"href":"https:\/\/christenrique.com\/index.php?rest_route=\/wp\/v2\/pages"}],"about":[{"href":"https:\/\/christenrique.com\/index.php?rest_route=\/wp\/v2\/types\/page"}],"author":[{"embeddable":true,"href":"https:\/\/christenrique.com\/index.php?rest_route=\/wp\/v2\/users\/1"}],"replies":[{"embeddable":true,"href":"https:\/\/christenrique.com\/index.php?rest_route=%2Fwp%2Fv2%2Fcomments&post=69"}],"version-history":[{"count":20,"href":"https:\/\/christenrique.com\/index.php?rest_route=\/wp\/v2\/pages\/69\/revisions"}],"predecessor-version":[{"id":5173,"href":"https:\/\/christenrique.com\/index.php?rest_route=\/wp\/v2\/pages\/69\/revisions\/5173"}],"wp:featuredmedia":[{"embeddable":true,"href":"https:\/\/christenrique.com\/index.php?rest_route=\/wp\/v2\/media\/5211"}],"wp:attachment":[{"href":"https:\/\/christenrique.com\/index.php?rest_route=%2Fwp%2Fv2%2Fmedia&parent=69"}],"curies":[{"name":"wp","href":"https:\/\/api.w.org\/{rel}","templated":true}]}}